{"id":28,"date":"2024-12-04T11:16:40","date_gmt":"2024-12-04T10:16:40","guid":{"rendered":"https:\/\/bioenergie-guntrup.de\/?page_id=28"},"modified":"2024-12-06T08:31:51","modified_gmt":"2024-12-06T07:31:51","slug":"about","status":"publish","type":"page","link":"https:\/\/bioenergie-guntrup.de\/?page_id=28","title":{"rendered":"\u00dcber uns"},"content":{"rendered":"<p>[et_pb_section fb_built=&#8220;1&#8243; next_background_color=&#8220;#ffffff&#8220; admin_label=&#8220;Hero&#8220; _builder_version=&#8220;4.27.4&#8243; _module_preset=&#8220;_module_preset=&#8220; background_image=&#8220;https:\/\/bioenergie-guntrup.de\/wp-content\/uploads\/2024\/12\/thumbnail_image001.png&#8220; custom_padding=&#8220;8vw||0vw||false|false&#8220; bottom_divider_style=&#8220;slant&#8220; bottom_divider_height=&#8220;10vw&#8220; bottom_divider_flip=&#8220;horizontal&#8220; locked=&#8220;off&#8220; collapsed=&#8220;on&#8220; global_colors_info=&#8220;{}&#8220;][et_pb_row column_structure=&#8220;2_3,1_3&#8243; _builder_version=&#8220;4.18.0&#8243; _module_preset=&#8220;5138c454-be54-4233-bd3b-f8e6a8747976&#8243; locked=&#8220;off&#8220; global_colors_info=&#8220;{}&#8220;][et_pb_column type=&#8220;2_3&#8243; _builder_version=&#8220;4.16&#8243; _module_preset=&#8220;73121f80-a3ef-4484-8763-c3f18e3c56d2&#8243; global_colors_info=&#8220;{}&#8220;][et_pb_heading _builder_version=&#8220;4.24.2&#8243; _module_preset=&#8220;f0c675ea-2574-4d0e-b725-30f8550a8550&#8243; title_text_color=&#8220;#FFFFFF&#8220; locked=&#8220;off&#8220; global_colors_info=&#8220;{}&#8220;][\/et_pb_heading][et_pb_heading title=&#8220;Bioenergie-Guntrup&#8220; _builder_version=&#8220;4.24.2&#8243; _module_preset=&#8220;ddeb8c09-9078-4424-bc15-2efb6572e28e&#8220; title_text_color=&#8220;#FFFFFF&#8220; locked=&#8220;off&#8220; global_colors_info=&#8220;{}&#8220;][\/et_pb_heading][et_pb_text _builder_version=&#8220;4.24.2&#8243; _module_preset=&#8220;0504de1e-f5ff-4281-ba60-cbbe4edf98bc&#8220; locked=&#8220;off&#8220; global_colors_info=&#8220;{}&#8220;][\/et_pb_text][\/et_pb_column][et_pb_column type=&#8220;1_3&#8243; _builder_version=&#8220;4.16&#8243; _module_preset=&#8220;73121f80-a3ef-4484-8763-c3f18e3c56d2&#8243; global_colors_info=&#8220;{}&#8220;][\/et_pb_column][\/et_pb_row][\/et_pb_section][et_pb_section fb_built=&#8220;1&#8243; admin_label=&#8220;Team&#8220; _builder_version=&#8220;4.18.0&#8243; _module_preset=&#8220;default&#8220; locked=&#8220;off&#8220; collapsed=&#8220;on&#8220; global_colors_info=&#8220;{}&#8220;][et_pb_row _builder_version=&#8220;4.18.0&#8243; _module_preset=&#8220;5138c454-be54-4233-bd3b-f8e6a8747976&#8243; locked=&#8220;off&#8220; global_colors_info=&#8220;{}&#8220;][et_pb_column type=&#8220;4_4&#8243; _builder_version=&#8220;4.17.1&#8243; _module_preset=&#8220;73121f80-a3ef-4484-8763-c3f18e3c56d2&#8243; global_colors_info=&#8220;{}&#8220;][et_pb_heading title=&#8220;Bioenergie Guntrup Unternehmensbeschreibung&#8220; _builder_version=&#8220;4.24.2&#8243; _module_preset=&#8220;c33f07d9-41e0-421a-8799-5799df695cce&#8220; title_text_align=&#8220;center&#8220; global_colors_info=&#8220;{}&#8220;][\/et_pb_heading][et_pb_text _builder_version=&#8220;4.24.2&#8243; _module_preset=&#8220;2c55a9c4-feed-423b-9edb-ae0b5b365cac&#8220; text_orientation=&#8220;center&#8220; max_width=&#8220;800px&#8220; module_alignment=&#8220;center&#8220; locked=&#8220;off&#8220; global_colors_info=&#8220;{}&#8220;]<\/p>\n<p style=\"text-align: left;\">Bioenergie Guntrup ist ein Vorreiter in der Nutzung innovativer Biogasanlagen, die in der heutigen Energiewirtschaft Ma\u00dfst\u00e4be setzen. Unsere Anlage zeichnet sich durch den Einsatz von mehr als 90% Reststoffen aus der Landwirtschaft aus. Durch diesen Ansatz tragen wir wesentlich zur Schlie\u00dfung von Stoffkreisl\u00e4ufen bei und sparen eine signifikante Menge an Treibhausgasen ein.<\/p>\n<h3 style=\"text-align: left;\"><span style=\"font-size: medium;\">Innovative Nutzung von Reststoffen<\/span><\/h3>\n<p style=\"text-align: left;\">Der Kern unserer Innovationskraft liegt in der F\u00e4higkeit, landwirtschaftliche Reststoffe effizient zu Biogas zu verarbeiten. Diese Reststoffe, die ansonsten ungenutzt verrotten und dabei sch\u00e4dliche Treibhausgase freisetzen w\u00fcrden, werden bei uns einer sinnvollen Nutzung zugef\u00fchrt. Damit leisten wir einen doppelten Beitrag zum Umweltschutz: Wir vermeiden Emissionen und schaffen gleichzeitig eine erneuerbare Energiequelle.<\/p>\n<h3 style=\"text-align: left;\">Effiziente Energieproduktion<\/h3>\n<p style=\"text-align: left;\">Unsere Produktionsstrategie basiert auf dem Einsatz gro\u00dfer Blockheizkraftwerke, die gezielt nur wenige Stunden am Tag laufen. Dies erm\u00f6glicht uns, das erzeugte Gas zwischenzuspeichern und zu Zeiten ins Stromnetz einspeisen zu k\u00f6nnen, in denen der Bedarf am gr\u00f6\u00dften ist und andere erneuerbare Energiequellen wie Photovoltaik- oder Windstrom nicht zur Verf\u00fcgung stehen. Diese Flexibilit\u00e4t stellt sicher, dass wir zur Stabilit\u00e4t und Zuverl\u00e4ssigkeit der Stromversorgung beitragen.<\/p>\n<h3 style=\"text-align: left;\">W\u00e4rmeversorgung und Netzsicherheit<\/h3>\n<p style=\"text-align: left;\">Die von uns erzeugte W\u00e4rme wird in das W\u00e4rmenetz der Biow\u00e4rme Greven eingespeist, wodurch wir zur nachhaltigen W\u00e4rmeversorgung der Region beitragen. Dar\u00fcber hinaus wird ein Teil des erzeugten Gases in das Erdgasnetz eingespeist, was die Vielseitigkeit und Effizienz unserer Biogasanlage unterstreicht.<\/p>\n<h3 style=\"text-align: left;\">Zusammenfassung der Vorteile<\/h3>\n<ul style=\"text-align: left;\">\n<li>Umweltfreundlich: Nutzung von \u00fcber 90% landwirtschaftlichen Reststoffen.<\/li>\n<li>Effizient: Produktion von Strom und W\u00e4rme in gro\u00dfen Blockheizkraftwerken.<\/li>\n<li>Flexibel: Speicherung und bedarfsgerechte Einspeisung von Biogas.<\/li>\n<li>Nachhaltig: Nutzung der erzeugten W\u00e4rme f\u00fcr das W\u00e4rmenetz und Einspeisung in das Erdgasnetz.<\/li>\n<\/ul>\n<p style=\"text-align: left;\">Mit unserer innovativen Herangehensweise und dem Fokus auf Nachhaltigkeit und Effizienz setzt die Bioenergie Guntrup neue Ma\u00dfst\u00e4be in der Biogasproduktion und tr\u00e4gt ma\u00dfgeblich zur Energiewende bei. Wir sind stolz darauf, einen bedeutenden Beitrag zur Reduktion von Treibhausgasemissionen und zur Schaffung eines nachhaltigen Energiesystems zu leisten.<\/p>\n<p>[\/et_pb_text][\/et_pb_column][\/et_pb_row][\/et_pb_section]<\/p>\n","protected":false},"excerpt":{"rendered":"<p>Bioenergie Guntrup ist ein Vorreiter in der Nutzung innovativer Biogasanlagen, die in der heutigen Energiewirtschaft Ma\u00dfst\u00e4be setzen. Unsere Anlage zeichnet sich durch den Einsatz von mehr als 90% Reststoffen aus der Landwirtschaft aus. Durch diesen Ansatz tragen wir wesentlich zur Schlie\u00dfung von Stoffkreisl\u00e4ufen bei und sparen eine signifikante Menge an Treibhausgasen ein. Innovative Nutzung von [&hellip;]<\/p>\n","protected":false},"author":1,"featured_media":0,"parent":0,"menu_order":0,"comment_status":"closed","ping_status":"closed","template":"","meta":{"_et_pb_use_builder":"on","_et_pb_old_content":"","_et_gb_content_width":"","footnotes":""},"class_list":["post-28","page","type-page","status-publish","hentry"],"_links":{"self":[{"href":"https:\/\/bioenergie-guntrup.de\/index.php?rest_route=\/wp\/v2\/pages\/28","targetHints":{"allow":["GET"]}}],"collection":[{"href":"https:\/\/bioenergie-guntrup.de\/index.php?rest_route=\/wp\/v2\/pages"}],"about":[{"href":"https:\/\/bioenergie-guntrup.de\/index.php?rest_route=\/wp\/v2\/types\/page"}],"author":[{"embeddable":true,"href":"https:\/\/bioenergie-guntrup.de\/index.php?rest_route=\/wp\/v2\/users\/1"}],"replies":[{"embeddable":true,"href":"https:\/\/bioenergie-guntrup.de\/index.php?rest_route=%2Fwp%2Fv2%2Fcomments&post=28"}],"version-history":[{"count":5,"href":"https:\/\/bioenergie-guntrup.de\/index.php?rest_route=\/wp\/v2\/pages\/28\/revisions"}],"predecessor-version":[{"id":152,"href":"https:\/\/bioenergie-guntrup.de\/index.php?rest_route=\/wp\/v2\/pages\/28\/revisions\/152"}],"wp:attachment":[{"href":"https:\/\/bioenergie-guntrup.de\/index.php?rest_route=%2Fwp%2Fv2%2Fmedia&parent=28"}],"curies":[{"name":"wp","href":"https:\/\/api.w.org\/{rel}","templated":true}]}}